{"id":87,"date":"2021-06-02T23:09:17","date_gmt":"2021-06-02T21:09:17","guid":{"rendered":"https:\/\/lepresage.fr\/blog\/?page_id=87"},"modified":"2021-06-03T12:31:53","modified_gmt":"2021-06-03T10:31:53","slug":"mentions-legales","status":"publish","type":"page","link":"https:\/\/lepresage.fr\/blog\/mentions-legales\/","title":{"rendered":"Mentions L\u00e9gales"},"content":{"rendered":"<h2>Propri\u00e9taire du site lepresage.fr<\/h2>\n<p>La Soci\u00e9t\u00e9 Le Pr\u00e9sage, SAS \u2013 EESS, au capital de 52 673 \u20ac, immatricul\u00e9e au R.C.S. de Marseille sous le num\u00e9ro 844 004 051.<\/p>\n<h3>Si\u00e8ge Social<\/h3>\n<p>H\u00f4tel Technoptic,<br \/>\n2 Rue Marc Donadille<br \/>\n13013 Marseille<\/p>\n<h3>Directeur de la publication<\/h3>\n<p>Son Pr\u00e9sident: <strong>Pierre-Andr\u00e9 AUBERT<\/strong><\/p>\n<h3>H\u00e9bergement<\/h3>\n<p>Site h\u00e9berg\u00e9 par OVH \u2013 ovh.com \u2013 2 rue Kellermann \u2013 59100 Roubaix \u2013 France (RCS Lille M\u00e9tropole 424 761 419 00045).<\/p>\n<h2>Protection de la vie priv\u00e9e \/ Collecte et utilisation de donn\u00e9es personnelles<\/h2>\n<p>Les contributeurs n\u2019exigent \u00e0 aucun moment la communication par les utilisateurs de donn\u00e9es personnelles (nom, adresse, adresse \u00e9lectronique, profession\u2026). Toutefois, notamment pour obtenir certaines informations ou recevoir des documents, vous pouvez \u00eatre amen\u00e9s \u00e0 vous inscrire en fournissant certaines donn\u00e9es personnelles.<\/p>\n<p>Le Pr\u00e9sage vous informe que les donn\u00e9es personnelles que vous pourriez lui communiquer en ligne sont destin\u00e9es au seul usage du Pr\u00e9sage qui est responsable de leur traitement et leur conservation. Ces donn\u00e9es ne seront pas communiqu\u00e9es \u00e0 des tiers \u00e0 l\u2019exclusion des tiers h\u00e9bergeant le Site ou intervenant dans son contenu ou sa gestion. Ces tiers sont tenus de respecter la confidentialit\u00e9 de ces donn\u00e9es et ne peuvent en aucun cas les utiliser dans un but autre que le fonctionnement ou la gestion du Site. Le Pr\u00e9sage s\u2019engage \u00e0 prendre toutes les mesures raisonnables \u00e0 sa disposition pour pr\u00e9server la confidentialit\u00e9 de ces donn\u00e9es personnelles.<\/p>\n<p>Par ailleurs, Le Pr\u00e9sage vous rappelle que, conform\u00e9ment \u00e0 la loi du 6 janvier 1978 relative \u00e0 l\u2019informatique, aux fichiers et aux libert\u00e9s telle que modifi\u00e9e, vous disposez d\u2019un droit d\u2019opposition, d\u2019acc\u00e8s et de rectification de ces donn\u00e9es personnelles. Vous pouvez exercer ce droit \u00e0 tout moment en adressant un courrier \u00e0 :<\/p>\n<p>Le Pr\u00e9sage<br \/>\nMarseille Innovation \u2013 H\u00f4tel Technopic<br \/>\n2 rue Marc Donadille<br \/>\n13013 Marseille \u2013 France<\/p>\n<p>La modification ou la suppression interviendra dans les meilleurs d\u00e9lais et au plus tard dans les huit jours ouvr\u00e9s \u00e0 compter de la r\u00e9ception de votre demande.<\/p>\n<p>Le Pr\u00e9sage attire votre attention sur le fait que certaines informations ne correspondant pas \u00e0 des donn\u00e9es personnelles et ne permettant pas de vous identifier peuvent \u00eatre enregistr\u00e9es par nos serveurs (navigateur utilis\u00e9, adresse IP,&#8230;).<\/p>\n<p>De plus, la connexion \u00e0 notre serveur web peut entra\u00eener l\u2019envoi \u00e0 votre navigateur un petit nombre de donn\u00e9es qui seront stock\u00e9es sur le disque dur de votre ordinateur. Il s\u2019agit des cookies qui enregistrent des informations relatives \u00e0 la navigation de votre ordinateur sur notre Site (les pages que vous avez consult\u00e9es, la date et l\u2019heure de la consultation, etc.) que nous pourrons lire lors de vos visites ult\u00e9rieures.<\/p>\n","protected":false},"excerpt":{"rendered":"<p>Propri\u00e9taire du site lepresage.fr La Soci\u00e9t\u00e9 Le Pr\u00e9sage, SAS \u2013 EESS, au capital de 52 673 \u20ac, immatricul\u00e9e au R.C.S. de Marseille sous le num\u00e9ro 844 004 051. Si\u00e8ge Social [&hellip;]<\/p>\n","protected":false},"author":2,"featured_media":0,"parent":0,"menu_order":0,"comment_status":"closed","ping_status":"closed","template":"page-fullwidth.php","meta":{"footnotes":""},"class_list":["post-87","page","type-page","status-publish","hentry"],"acf":[],"yoast_head":"<!-- This site is optimized with the Yoast SEO plugin v21.5 - https:\/\/yoast.com\/wordpress\/plugins\/seo\/ -->\n<title>Mentions L\u00e9gales - Le Pr\u00e9sage<\/title>\n<meta name=\"robots\" content=\"index, follow, max-snippet:-1, max-image-preview:large, max-video-preview:-1\" \/>\n<link rel=\"canonical\" href=\"https:\/\/lepresage.fr\/blog\/mentions-legales\/\" \/>\n<meta property=\"og:locale\" content=\"fr_FR\" \/>\n<meta property=\"og:type\" content=\"article\" \/>\n<meta property=\"og:title\" content=\"Mentions L\u00e9gales - Le Pr\u00e9sage\" \/>\n<meta property=\"og:description\" content=\"Propri\u00e9taire du site lepresage.fr La Soci\u00e9t\u00e9 Le Pr\u00e9sage, SAS \u2013 EESS, au capital de 52 673 \u20ac, immatricul\u00e9e au R.C.S. de Marseille sous le num\u00e9ro 844 004 051. Si\u00e8ge Social [&hellip;]\" \/>\n<meta property=\"og:url\" content=\"https:\/\/lepresage.fr\/blog\/mentions-legales\/\" \/>\n<meta property=\"og:site_name\" content=\"Le Pr\u00e9sage\" \/>\n<meta property=\"article:modified_time\" content=\"2021-06-03T10:31:53+00:00\" \/>\n<meta name=\"twitter:card\" content=\"summary_large_image\" \/>\n<meta name=\"twitter:label1\" content=\"Dur\u00e9e de lecture estim\u00e9e\" \/>\n\t<meta name=\"twitter:data1\" content=\"2 minutes\" \/>\n<script type=\"application\/ld+json\" class=\"yoast-schema-graph\">{\"@context\":\"https:\/\/schema.org\",\"@graph\":[{\"@type\":\"WebPage\",\"@id\":\"https:\/\/lepresage.fr\/blog\/mentions-legales\/\",\"url\":\"https:\/\/lepresage.fr\/blog\/mentions-legales\/\",\"name\":\"Mentions L\u00e9gales - Le Pr\u00e9sage\",\"isPartOf\":{\"@id\":\"https:\/\/lepresage.fr\/blog\/#website\"},\"datePublished\":\"2021-06-02T21:09:17+00:00\",\"dateModified\":\"2021-06-03T10:31:53+00:00\",\"breadcrumb\":{\"@id\":\"https:\/\/lepresage.fr\/blog\/mentions-legales\/#breadcrumb\"},\"inLanguage\":\"fr-FR\",\"potentialAction\":[{\"@type\":\"ReadAction\",\"target\":[\"https:\/\/lepresage.fr\/blog\/mentions-legales\/\"]}]},{\"@type\":\"BreadcrumbList\",\"@id\":\"https:\/\/lepresage.fr\/blog\/mentions-legales\/#breadcrumb\",\"itemListElement\":[{\"@type\":\"ListItem\",\"position\":1,\"name\":\"Home\",\"item\":\"https:\/\/lepresage.fr\/blog\/\"},{\"@type\":\"ListItem\",\"position\":2,\"name\":\"Mentions L\u00e9gales\"}]},{\"@type\":\"WebSite\",\"@id\":\"https:\/\/lepresage.fr\/blog\/#website\",\"url\":\"https:\/\/lepresage.fr\/blog\/\",\"name\":\"Le Pr\u00e9sage\",\"description\":\"Le site du Pr\u00e9sage,  une nouvelle \u00e9criture gastronomique \u00e0 l&#039;encre solaire\",\"potentialAction\":[{\"@type\":\"SearchAction\",\"target\":{\"@type\":\"EntryPoint\",\"urlTemplate\":\"https:\/\/lepresage.fr\/blog\/?s={search_term_string}\"},\"query-input\":\"required name=search_term_string\"}],\"inLanguage\":\"fr-FR\"}]}<\/script>\n<!-- \/ Yoast SEO plugin. -->","yoast_head_json":{"title":"Mentions L\u00e9gales - Le Pr\u00e9sage","robots":{"index":"index","follow":"follow","max-snippet":"max-snippet:-1","max-image-preview":"max-image-preview:large","max-video-preview":"max-video-preview:-1"},"canonical":"https:\/\/lepresage.fr\/blog\/mentions-legales\/","og_locale":"fr_FR","og_type":"article","og_title":"Mentions L\u00e9gales - Le Pr\u00e9sage","og_description":"Propri\u00e9taire du site lepresage.fr La Soci\u00e9t\u00e9 Le Pr\u00e9sage, SAS \u2013 EESS, au capital de 52 673 \u20ac, immatricul\u00e9e au R.C.S. de Marseille sous le num\u00e9ro 844 004 051. Si\u00e8ge Social [&hellip;]","og_url":"https:\/\/lepresage.fr\/blog\/mentions-legales\/","og_site_name":"Le Pr\u00e9sage","article_modified_time":"2021-06-03T10:31:53+00:00","twitter_card":"summary_large_image","twitter_misc":{"Dur\u00e9e de lecture estim\u00e9e":"2 minutes"},"schema":{"@context":"https:\/\/schema.org","@graph":[{"@type":"WebPage","@id":"https:\/\/lepresage.fr\/blog\/mentions-legales\/","url":"https:\/\/lepresage.fr\/blog\/mentions-legales\/","name":"Mentions L\u00e9gales - Le Pr\u00e9sage","isPartOf":{"@id":"https:\/\/lepresage.fr\/blog\/#website"},"datePublished":"2021-06-02T21:09:17+00:00","dateModified":"2021-06-03T10:31:53+00:00","breadcrumb":{"@id":"https:\/\/lepresage.fr\/blog\/mentions-legales\/#breadcrumb"},"inLanguage":"fr-FR","potentialAction":[{"@type":"ReadAction","target":["https:\/\/lepresage.fr\/blog\/mentions-legales\/"]}]},{"@type":"BreadcrumbList","@id":"https:\/\/lepresage.fr\/blog\/mentions-legales\/#breadcrumb","itemListElement":[{"@type":"ListItem","position":1,"name":"Home","item":"https:\/\/lepresage.fr\/blog\/"},{"@type":"ListItem","position":2,"name":"Mentions L\u00e9gales"}]},{"@type":"WebSite","@id":"https:\/\/lepresage.fr\/blog\/#website","url":"https:\/\/lepresage.fr\/blog\/","name":"Le Pr\u00e9sage","description":"Le site du Pr\u00e9sage,  une nouvelle \u00e9criture gastronomique \u00e0 l&#039;encre solaire","potentialAction":[{"@type":"SearchAction","target":{"@type":"EntryPoint","urlTemplate":"https:\/\/lepresage.fr\/blog\/?s={search_term_string}"},"query-input":"required name=search_term_string"}],"inLanguage":"fr-FR"}]}},"_links":{"self":[{"href":"https:\/\/lepresage.fr\/blog\/wp-json\/wp\/v2\/pages\/87","targetHints":{"allow":["GET"]}}],"collection":[{"href":"https:\/\/lepresage.fr\/blog\/wp-json\/wp\/v2\/pages"}],"about":[{"href":"https:\/\/lepresage.fr\/blog\/wp-json\/wp\/v2\/types\/page"}],"author":[{"embeddable":true,"href":"https:\/\/lepresage.fr\/blog\/wp-json\/wp\/v2\/users\/2"}],"replies":[{"embeddable":true,"href":"https:\/\/lepresage.fr\/blog\/wp-json\/wp\/v2\/comments?post=87"}],"version-history":[{"count":3,"href":"https:\/\/lepresage.fr\/blog\/wp-json\/wp\/v2\/pages\/87\/revisions"}],"predecessor-version":[{"id":94,"href":"https:\/\/lepresage.fr\/blog\/wp-json\/wp\/v2\/pages\/87\/revisions\/94"}],"wp:attachment":[{"href":"https:\/\/lepresage.fr\/blog\/wp-json\/wp\/v2\/media?parent=87"}],"curies":[{"name":"wp","href":"https:\/\/api.w.org\/{rel}","templated":true}]}}